{"id":1791,"date":"2016-10-04T16:03:07","date_gmt":"2016-10-04T14:03:07","guid":{"rendered":"https:\/\/labor-susa.de\/startseite\/?page_id=1791"},"modified":"2018-12-17T14:36:51","modified_gmt":"2018-12-17T13:36:51","slug":"impressum-und-datenschutzerklaerung","status":"publish","type":"page","link":"https:\/\/labor-susa.de\/startseite\/impressum-und-datenschutzerklaerung\/","title":{"rendered":"Impressum und Datenschutzerkl\u00e4rung"},"content":{"rendered":"<div class=\"wpb-content-wrapper\"><p>[vc_row][vc_column][vc_column_text]<\/p>\n<h2>IMPRESSUM<\/h2>\n<p>[\/vc_column_text][\/vc_column][\/vc_row][vc_row][vc_column width=&#8221;1\/3&#8243;][vc_column_text]<\/p>\n<h5>Anbieterkennzeichnung<\/h5>\n<p>Laborarztpraxis PD Dr. med. M. Susa<br \/>\nPriv.-Doz. Dr. med. Milorad Susa<\/p>\n<p>Einsteinstra\u00dfe 59<br \/>\n89077 Ulm<\/p>\n<h5>Kommunikation<\/h5>\n<p>07 31 . 880 322 0<br \/>\n<a href=\"mailto:info@labor-susa.de\">info@labor-susa.de<\/a><\/p>\n<h5>Inhaltlich Verantwortlicher<\/h5>\n<p>Gem\u00e4\u00df \u00a7 5 TMG und \u00a7 55 Abs. 2 RStV<br \/>\nPriv.-Doz. Dr. med. Milorad Susa<br \/>\n(Anschrift wie oben stehend)<\/p>\n<h5>Gestaltung<\/h5>\n<p><a href=\"http:\/\/www.humankapitalisten.com\/\" target=\"_blank\" rel=\"noopener\">Humankapitalisten.com<\/a>[\/vc_column_text][\/vc_column][vc_column width=&#8221;1\/3&#8243;][vc_column_text]<\/p>\n<h5>Urheberschutz<\/h5>\n<p>Alle auf der Webseite befindlichen Inhalte unterliegen dem Urheberrecht und anderen Gesetzen zum Schutz geistigen Eigentums. Diese d\u00fcrfen weder zu privaten noch zu kommerziellen Zwecken kopiert, verbreitet, ver\u00e4ndert oder Dritten zug\u00e4nglich gemacht werden.<\/p>\n<h5>Haftungshinweis<\/h5>\n<p>Trotz sorgf\u00e4ltiger inhaltlicher Kontrolle \u00fcbernehmen wir keine Haftung f\u00fcr die Inhalte externer Links. F\u00fcr den Inhalt der verlinkten Seiten sind ausschlie\u00dflich deren Betreiber verantwortlich. Sollten rechtswidrige Seiten abrufbar sein, bitten wir um eine Mitteilung.<\/p>\n<h5>Bildnachweis<\/h5>\n<p>Alle Bilder dieses Internetauftritts werden nach \u00a7 13 UrhG und mit freundlicher Genehmigung der folgenden Bildagenturen und Fotografen verwendet:<\/p>\n<p>\u00a9 Mario Spreen | <a href=\"http:\/\/www.humankapitalisten.com\/\" target=\"_blank\" rel=\"noopener\">Humankapitalisten<\/a>[\/vc_column_text][\/vc_column][vc_column width=&#8221;1\/3&#8243;][vc_column_text]<\/p>\n<h5>Datenschutz<\/h5>\n<p>Sofern innerhalb des Internetangebotes die M\u00f6glichkeit zur Eingabe pers\u00f6nlicher oder gesch\u00e4ftlicher Daten (E-Mailadressen, Namen, Anschriften) besteht, so erfolgt die Preisgabe dieser Daten seitens des Nutzers auf ausdr\u00fccklich freiwilliger Basis. Der Nutzer willigt durch die Angabe seiner Daten in die entsprechende Nutzung zu Kontaktzwecken ein, eine Weitergabe der Daten an Dritte erfolgt nur mit ausdr\u00fccklicher Genehmigung des Nutzers. Der Nutzer kann sein durch Angeben abgegebenes Einverst\u00e4ndnis zur Datennutzung jederzeit schriftlich gegen\u00fcber LABOR SUSA widerrufen. Die Inanspruchnahme aller angebotenen Dienste ist \u2013 soweit technisch m\u00f6glich und zumutbar \u2013 auch ohne Angabe privater Daten gestattet. Die Nutzung der im Rahmen des Impressums oder vergleichbarer Angaben ver\u00f6ffentlichten Kontaktdaten wie Postanschriften, Telefon- und Faxnummern sowie E-Mailadressen durch Dritte zur \u00dcbersendung von nicht ausdr\u00fccklich angeforderten Informationen ist nicht gestattet. Rechtliche Schritte gegen die Versender von sogenannten Spam-Mails bei Verst\u00f6\u00dfen gegen dieses Verbot sind ausdr\u00fccklich vorbehalten.[\/vc_column_text][\/vc_column][\/vc_row]<\/p>\n<\/div>","protected":false},"excerpt":{"rendered":"<p>[vc_row][vc_column][vc_column_text] IMPRESSUM [\/vc_column_text][\/vc_column][\/vc_row][vc_row][vc_column width=&#8221;1\/3&#8243;][vc_column_text] Anbieterkennzeichnung Laborarztpraxis PD Dr. med. M. Susa Priv.-Doz. Dr. med. Milorad Susa Einsteinstra\u00dfe 59 89077 Ulm Kommunikation 07 31 . 880 322 0 info@labor-susa.de Inhaltlich Verantwortlicher Gem\u00e4\u00df \u00a7 5 TMG und \u00a7 55 Abs. 2 RStV Priv.-Doz. Dr. med. Milorad Susa (Anschrift wie oben stehend) Gestaltung Humankapitalisten.com[\/vc_column_text][\/vc_column][vc_column width=&#8221;1\/3&#8243;][vc_column_text] Urheberschutz Alle auf<\/p>\n","protected":false},"author":1,"featured_media":0,"parent":0,"menu_order":0,"comment_status":"closed","ping_status":"closed","template":"","meta":{"footnotes":""},"class_list":["post-1791","page","type-page","status-publish","hentry"],"_links":{"self":[{"href":"https:\/\/labor-susa.de\/startseite\/wp-json\/wp\/v2\/pages\/1791","targetHints":{"allow":["GET"]}}],"collection":[{"href":"https:\/\/labor-susa.de\/startseite\/wp-json\/wp\/v2\/pages"}],"about":[{"href":"https:\/\/labor-susa.de\/startseite\/wp-json\/wp\/v2\/types\/page"}],"author":[{"embeddable":true,"href":"https:\/\/labor-susa.de\/startseite\/wp-json\/wp\/v2\/users\/1"}],"replies":[{"embeddable":true,"href":"https:\/\/labor-susa.de\/startseite\/wp-json\/wp\/v2\/comments?post=1791"}],"version-history":[{"count":20,"href":"https:\/\/labor-susa.de\/startseite\/wp-json\/wp\/v2\/pages\/1791\/revisions"}],"predecessor-version":[{"id":2200,"href":"https:\/\/labor-susa.de\/startseite\/wp-json\/wp\/v2\/pages\/1791\/revisions\/2200"}],"wp:attachment":[{"href":"https:\/\/labor-susa.de\/startseite\/wp-json\/wp\/v2\/media?parent=1791"}],"curies":[{"name":"wp","href":"https:\/\/api.w.org\/{rel}","templated":true}]}}