{"id":377,"date":"2016-01-07T04:23:21","date_gmt":"2016-01-07T03:23:21","guid":{"rendered":"http:\/\/consulting.stylemixthemes.com\/?page_id=377"},"modified":"2019-06-25T09:56:43","modified_gmt":"2019-06-25T07:56:43","slug":"labor","status":"publish","type":"page","link":"https:\/\/labor-susa.de\/startseite\/labor\/","title":{"rendered":"Labor"},"content":{"rendered":"<div class=\"wpb-content-wrapper\"><p>[vc_row][vc_column][vc_custom_heading source=&#8221;post_title&#8221; use_theme_fonts=&#8221;yes&#8221;][vc_empty_space][\/vc_column][\/vc_row][vc_row css_animation=&#8221;fadeIn&#8221;][vc_column width=&#8221;1\/6&#8243;][vc_column_text]<\/p>\n<h2>2019<\/h2>\n<p>[\/vc_column_text][vc_empty_space height=&#8221;2px&#8221;][\/vc_column][vc_column width=&#8221;1\/6&#8243;][vc_single_image image=&#8221;2478&#8243; img_size=&#8221;full&#8221;][\/vc_column][vc_column width=&#8221;1\/2&#8243;][vc_column_text]<\/p>\n<h4 class=\"no_stripe\">Responsive und modern<\/h4>\n<p>Nach der Neugestaltung des Corporate Designs erfolgt die Umsetzung des Internetauftritts und der Relaunch der Website[\/vc_column_text][vc_empty_space][\/vc_column][\/vc_row][vc_row css_animation=&#8221;fadeIn&#8221;][vc_column width=&#8221;1\/6&#8243;][vc_column_text]<\/p>\n<h2>2018<\/h2>\n<p>[\/vc_column_text][vc_empty_space height=&#8221;2px&#8221;][\/vc_column][vc_column width=&#8221;1\/6&#8243;][vc_single_image image=&#8221;2479&#8243; img_size=&#8221;full&#8221;][\/vc_column][vc_column width=&#8221;1\/2&#8243;][vc_column_text]<\/p>\n<div class=\"company_history_text\">\n<h4 class=\"no_stripe\">Den Blick in die Zukunft gerichtet<\/h4>\n<p>Das funktionelle Konzept zur Entwicklung einer eigenen Labor-APP wird erstellt und die technische Umsetzung gestartet<\/p>\n<\/div>\n<p>[\/vc_column_text][vc_empty_space][\/vc_column][\/vc_row][vc_row css_animation=&#8221;fadeIn&#8221;][vc_column width=&#8221;1\/6&#8243;][vc_column_text]<\/p>\n<h2>2017<\/h2>\n<p>[\/vc_column_text][vc_empty_space height=&#8221;2px&#8221;][\/vc_column][vc_column width=&#8221;1\/6&#8243;][vc_single_image image=&#8221;2493&#8243; img_size=&#8221;full&#8221;][\/vc_column][vc_column width=&#8221;1\/2&#8243;][vc_column_text]<\/p>\n<div class=\"company_history_text\">\n<h4 class=\"no_stripe\">Qualit\u00e4t wird zur Konstante<\/h4>\n<p>Das 10j\u00e4hrige Jubil\u00e4um unterstreicht den eigenen Anspruch, Bestleistung f\u00fcr die Auftraggeber zu gew\u00e4hrleisten<\/p>\n<\/div>\n<p>[\/vc_column_text][vc_empty_space][\/vc_column][\/vc_row][vc_row css_animation=&#8221;fadeIn&#8221;][vc_column width=&#8221;1\/6&#8243;][vc_column_text]<\/p>\n<h2>2012<\/h2>\n<p>[\/vc_column_text][vc_empty_space height=&#8221;2px&#8221;][\/vc_column][vc_column width=&#8221;1\/6&#8243;][vc_single_image image=&#8221;2491&#8243; img_size=&#8221;full&#8221;][\/vc_column][vc_column width=&#8221;1\/2&#8243;][vc_column_text]<\/p>\n<div class=\"company_history_text\">\n<h4 class=\"no_stripe\">Das Labor als Karrierechance<\/h4>\n<p>Erweitertes qualifiziertes Fachwissen bereichert die Arbeitsleistungen des Angebotsspektrums<\/p>\n<\/div>\n<p>[\/vc_column_text][vc_empty_space][\/vc_column][\/vc_row][vc_row css_animation=&#8221;fadeIn&#8221;][vc_column width=&#8221;1\/6&#8243;][vc_column_text]<\/p>\n<h2>2010<\/h2>\n<p>[\/vc_column_text][vc_empty_space height=&#8221;2px&#8221;][\/vc_column][vc_column width=&#8221;1\/6&#8243;][vc_single_image image=&#8221;2489&#8243; img_size=&#8221;full&#8221;][\/vc_column][vc_column width=&#8221;1\/2&#8243;][vc_column_text]<\/p>\n<div class=\"company_history_text\">\n<h4 class=\"no_stripe\">Die Laborabteilungen wachsen<\/h4>\n<p>Stete Erweiterungen unserer Einrichtungen lassen das Labor wachsen und erf\u00fcllen dabei konsequent h\u00f6chste Anspr\u00fcche<\/p>\n<\/div>\n<p>[\/vc_column_text][vc_empty_space][\/vc_column][\/vc_row][vc_row css_animation=&#8221;fadeIn&#8221;][vc_column width=&#8221;1\/6&#8243;][vc_column_text]<\/p>\n<h2>2007<\/h2>\n<p>[\/vc_column_text][\/vc_column][vc_column width=&#8221;1\/6&#8243;][vc_single_image image=&#8221;2487&#8243; img_size=&#8221;full&#8221;][\/vc_column][vc_column width=&#8221;1\/2&#8243;][vc_column_text]<\/p>\n<div class=\"company_history_text\">\n<h4 class=\"no_stripe\">Der Grundstein wird gelegt<\/h4>\n<p>Das Labor steht ab dem ersten Tag f\u00fcr eine Angebotsvielfalt an Laborleistungen, die in S\u00fcddeutschland neue Standards setzt<\/p>\n<\/div>\n<p>[\/vc_column_text][\/vc_column][\/vc_row]<\/p>\n<\/div>","protected":false},"excerpt":{"rendered":"<p>[vc_row][vc_column][vc_custom_heading source=&#8221;post_title&#8221; use_theme_fonts=&#8221;yes&#8221;][vc_empty_space][\/vc_column][\/vc_row][vc_row css_animation=&#8221;fadeIn&#8221;][vc_column width=&#8221;1\/6&#8243;][vc_column_text] 2019 [\/vc_column_text][vc_empty_space height=&#8221;2px&#8221;][\/vc_column][vc_column width=&#8221;1\/6&#8243;][vc_single_image image=&#8221;2478&#8243; img_size=&#8221;full&#8221;][\/vc_column][vc_column width=&#8221;1\/2&#8243;][vc_column_text] Responsive und modern Nach der Neugestaltung des Corporate Designs erfolgt die Umsetzung des Internetauftritts und der Relaunch der Website[\/vc_column_text][vc_empty_space][\/vc_column][\/vc_row][vc_row css_animation=&#8221;fadeIn&#8221;][vc_column width=&#8221;1\/6&#8243;][vc_column_text] 2018 [\/vc_column_text][vc_empty_space height=&#8221;2px&#8221;][\/vc_column][vc_column width=&#8221;1\/6&#8243;][vc_single_image image=&#8221;2479&#8243; img_size=&#8221;full&#8221;][\/vc_column][vc_column width=&#8221;1\/2&#8243;][vc_column_text] Den Blick in die Zukunft gerichtet Das funktionelle Konzept zur Entwicklung einer eigenen Labor-APP wird<\/p>\n","protected":false},"author":1,"featured_media":0,"parent":0,"menu_order":0,"comment_status":"closed","ping_status":"closed","template":"","meta":{"footnotes":""},"class_list":["post-377","page","type-page","status-publish","hentry"],"_links":{"self":[{"href":"https:\/\/labor-susa.de\/startseite\/wp-json\/wp\/v2\/pages\/377","targetHints":{"allow":["GET"]}}],"collection":[{"href":"https:\/\/labor-susa.de\/startseite\/wp-json\/wp\/v2\/pages"}],"about":[{"href":"https:\/\/labor-susa.de\/startseite\/wp-json\/wp\/v2\/types\/page"}],"author":[{"embeddable":true,"href":"https:\/\/labor-susa.de\/startseite\/wp-json\/wp\/v2\/users\/1"}],"replies":[{"embeddable":true,"href":"https:\/\/labor-susa.de\/startseite\/wp-json\/wp\/v2\/comments?post=377"}],"version-history":[{"count":143,"href":"https:\/\/labor-susa.de\/startseite\/wp-json\/wp\/v2\/pages\/377\/revisions"}],"predecessor-version":[{"id":2505,"href":"https:\/\/labor-susa.de\/startseite\/wp-json\/wp\/v2\/pages\/377\/revisions\/2505"}],"wp:attachment":[{"href":"https:\/\/labor-susa.de\/startseite\/wp-json\/wp\/v2\/media?parent=377"}],"curies":[{"name":"wp","href":"https:\/\/api.w.org\/{rel}","templated":true}]}}